{"id":16915,"date":"2025-10-01T09:57:43","date_gmt":"2025-10-01T06:57:43","guid":{"rendered":"https:\/\/leela.life\/?post_type=product&#038;p=16915"},"modified":"2025-10-06T16:18:10","modified_gmt":"2025-10-06T13:18:10","slug":"german-1m","status":"publish","type":"product","link":"https:\/\/leela.life\/en\/product\/german-1m\/","title":{"rendered":"Leela. The Game of Life (board game Leela 1\u00d71m in Geman language)"},"content":{"rendered":"[vc_row full_width=&#8221;stretch_row&#8221; css=&#8221;.vc_custom_1631169277913{margin-top: 0px !important;margin-bottom: 0px !important;padding-bottom: 0px !important;background: #372d48 url(https:\/\/leela.life\/wp-content\/uploads\/2021\/09\/bg1.png?id=3478) !important;background-position: 0 0 !important;background-repeat: no-repeat !important;}&#8221; el_class=&#8221;background-position-1&#8243; el_id=&#8221;link&#8221;][vc_column][vc_column_text]\r\n<h3 style=\"color: #fff;\">Board game &#8220;LEELA. THE GAME OF LIFE&#8221;<\/h3>\r\n<p class=\"cent two-img\"><img decoding=\"async\" src=\"\/img\/1.jpg\" \/><img decoding=\"async\" class=\"\" src=\"\/img\/2.jpg\" width=\"263\" height=\"248\" \/><\/p>\r\n<strong>LEELA. THE GAME OF LIFE<\/strong>\r\n\r\nFully reflects the true essence of the ancient game &#8220;LEELA&#8221; (more details):\r\n1.  <a href=\"\/about-game\/history\/\">Origin<\/a>\r\n2.<a href=\"https:\/\/leela.life\/game\/unique\/\"> The difference of LEELA. THE GAME OF LIFE&#8221;<\/a>\r\n\r\nLEELA. THE GAME OF LIFE is published in Ukraine, Kyiv from 2013 and is famous all over the world.\r\nA pure channel for interaction with the Higher Self. LEELA. THE GAME OF LIFE is an exclusive design, author&#8217;s description of psychological states and expert support.\r\n\r\nThe game is made of environmentally friendly materials. Picturesque design. Compact and easy to transport.\r\n\r\n<hr \/>\r\n\r\n<strong>The kit includes:<\/strong>\r\n\r\n<strong>1. Fabric playing field<\/strong>\r\n\r\n<strong>Size 1*1 m<\/strong>\r\n\r\nThe playing field is made of fabric (as in ancient times).\r\n\r\nHigh quality thick fabric. Bright, colorful double-sided printing. Unlike cardboard versions, this boarf is durable.\r\n\r\nConvenient both for individual and group games.\r\n<p class=\"cent two-img\"><img decoding=\"async\" src=\"\/img\/3.jpg\" \/><img decoding=\"async\" class=\"\" src=\"\/img\/4.jpg\" width=\"268\" height=\"247\" \/><\/p>\r\n<strong>2. Cards<\/strong>\r\n\r\n72 cards describing cells\/internal states\r\n\r\nPicturesque illustrations by masterpieces of world art\r\n\r\nHigh-quality printing, bright colors allow cards to serve for a long time!\r\n<p class=\"cent two-img\"><img decoding=\"async\" src=\"\/img\/5.jpg\" \/><img decoding=\"async\" src=\"\/img\/6.jpg\" \/><\/p>\r\n<p class=\"cent two-img\"><img decoding=\"async\" src=\"\/img\/7.jpg\" \/><img decoding=\"async\" src=\"\/img\/8.jpg\" \/><\/p>\r\n<strong>3. Rules (instruction) for the game <\/strong>\r\n\r\n&nbsp;\r\n\r\n<strong>4. Dice (natural onyx)<\/strong>\r\n<p class=\"cent one-img\"><img decoding=\"async\" src=\"\/img\/9.jpg\" \/><\/p>\r\n<strong>5. Bag <\/strong>\r\n\r\nBranded handmade eco bag for storing and transporting the game\r\n\r\nPerfectly preserves the playing field, protects it from external influences and moisture.\r\n<p class=\"cent one-img\"><img decoding=\"async\" src=\"\/img\/10.jpg\" \/><\/p>\r\n\r\n\r\n<hr \/>\r\n\r\nPayment and delivery\r\n\r\nThe price of boarf game is 150$ (+ delivery cost).\r\nIf you can not pay through the site you can write us to get alternative payment methods a href=&#8221;https:\/\/t.me\/izh_support&#8221;>https:\/\/t.me\/izh_support<\/a> or by e-mail: izhuravel.study@gmail.com\r\n\r\n<hr \/>\r\n\r\nThe game kit is available in several languages:\r\n<ul>\r\n \t<li>Ukrainian<\/li>\r\n \t<li>Russian<\/li>\r\n \t<li>English<\/li>\r\n \t<li>German<\/li>\r\n<\/ul>\r\n\r\n<hr \/>\r\n\r\nDelivery\r\n\r\nDelivery in Ukraine is available by Nova Poshta to any branch convenient for you.\r\nYou can arrange delivery together with the order of the game kit. You have to to place and pay your order through the basket on this site.\r\n\r\n<hr \/>\r\n\r\nInternational delivery\r\n\r\nDelivery of the game kit is available all over the world.\r\n\r\nInternational shipping cost -33$. Estimated international delivery time is 7-17 days, depends on the country.\r\n\r\nTo arrange international delivery, select the item\/product &#8220;game kit with international delivery&#8221;.\r\n\r\nIf you have questions you can contact us <a href=\"https:\/\/t.me\/izh_support\">https:\/\/t.me\/izh_support<\/a> or by e-mail: izhuravel.study@gmail.com\r\n\r\n<hr \/>\r\n\r\nAlso, in  our Shop such items are available: game kit with field 1\u00d71 m, large game field (floor version) 3\u00d73 m and 5\u00d75 m, additional cards in other languages, video guide for independent games are available.A large playing field is also available (outdoor version)\r\n\r\n<h2 style=\"color: #fff;\"><strong>You may also be interested:<\/strong><\/h2>\r\n<p class=\"cent one-img\"><img decoding=\"async\" src=\"\/img\/11.jpg\" \/><\/p>\r\n\r\nDetails about the SCHOOL OF HOSTS &#8220;LEELA. THE GAME OF LIFE:\r\n\r\n<a href=\"\/training\/\">https:\/\/leela.life\/school<\/a>[\/vc_column_text][\/vc_column][\/vc_row]","protected":false},"excerpt":{"rendered":"[vc_row full_width=&#8221;stretch_row&#8221; css=&#8221;.vc_custom_1631169277913{margin-top: 0px !important;margin-bottom: 0px !important;padding-bottom: 0px !important;background: #372d48 url(https:\/\/leela.life\/wp-content\/uploads\/2021\/09\/bg1.png?id=3478) !important;background-position: 0 0 !important;background-repeat: no-repeat !important;}&#8221; el_class=&#8221;background-position-1&#8243; el_id=&#8221;link&#8221;][vc_column][vc_column_text] Board&#8230;","protected":false},"featured_media":3830,"template":"","meta":[],"product_cat":[266,114,279],"product_tag":[535,534,497,499,498,533],"class_list":{"0":"post-16915","1":"product","2":"type-product","3":"status-publish","4":"has-post-thumbnail","6":"product_cat-igra-lila-kupit","7":"product_cat-lila-igra-zhizni-na-russkom-yazyka","8":"product_cat-kupiti-gru-lila","9":"product_tag-bolshoe-pole-ygr-lyla-na-nemeczkom-yazke","10":"product_tag-velyka-gra-lila-anglijskoyu-movoyu","11":"product_tag-ygra-lyla-1-metr","12":"product_tag-ygra-lyla-bolshoe-pole","13":"product_tag-ygra-lyla-put-dushy","14":"product_tag-lyla-bolshoe-pole-na-anglyjskom-yazke"},"yoast_head":"<!-- This site is optimized with the Yoast SEO plugin v16.1.1 - https:\/\/yoast.com\/wordpress\/plugins\/seo\/ -->\n<title>Leela. The Game of Life (board game Leela 1\u00d71m in Geman language) - \u041b\u0418\u041b\u0410. \u0418\u0413\u0420\u0410 \u0416\u0418\u0417\u041d\u0418<\/title>\n<meta name=\"description\" content=\"\u041a\u0443\u043f\u0438\u0442\u044c \u041b\u0418\u041b\u0410. \u0418\u0413\u0420\u0410 \u0416\u0418\u0417\u041d\u0418 \u041a\u043e\u043c\u043f\u043b\u0435\u043a\u0442 \u0438\u0433\u0440\u044b \u0432 \u043d\u0430\u043b\u0438\u0447\u0438\u0438 \u043d\u0430 4-\u0445 \u044f\u0437\u044b\u043a\u0430\u0445.\" \/>\n<link rel=\"canonical\" href=\"https:\/\/leela.life\/ua\/product\/german-1m\/\" \/>\n<meta property=\"og:locale\" content=\"en_US\" \/>\n<meta property=\"og:type\" content=\"article\" \/>\n<meta property=\"og:title\" content=\"Leela. The Game of Life (board game Leela 1\u00d71m in Geman language)\" \/>\n<meta property=\"og:description\" content=\"\u041a\u0443\u043f\u0438\u0442\u044c \u041b\u0418\u041b\u0410. \u0418\u0413\u0420\u0410 \u0416\u0418\u0417\u041d\u0418 \u041a\u043e\u043c\u043f\u043b\u0435\u043a\u0442 \u0438\u0433\u0440\u044b \u0432 \u043d\u0430\u043b\u0438\u0447\u0438\u0438 \u043d\u0430 4-\u0445 \u044f\u0437\u044b\u043a\u0430\u0445.\" \/>\n<meta property=\"og:url\" content=\"https:\/\/leela.life\/ua\/product\/german-1m\/\" \/>\n<meta property=\"og:site_name\" content=\"\u041b\u0418\u041b\u0410. \u0418\u0413\u0420\u0410 \u0416\u0418\u0417\u041d\u0418\" \/>\n<meta property=\"article:modified_time\" content=\"2025-10-06T13:18:10+00:00\" \/>\n<meta property=\"og:image\" content=\"https:\/\/leela.life\/wp-content\/uploads\/2021\/10\/t1.jpg\" \/>\n\t<meta property=\"og:image:width\" content=\"1202\" \/>\n\t<meta property=\"og:image:height\" content=\"800\" \/>\n<meta name=\"twitter:card\" content=\"summary_large_image\" \/>\n<meta name=\"twitter:label1\" content=\"Est. reading time\">\n\t<meta name=\"twitter:data1\" content=\"3 minutes\">\n<script type=\"application\/ld+json\" class=\"yoast-schema-graph\">{\"@context\":\"https:\/\/schema.org\",\"@graph\":[{\"@type\":\"WebSite\",\"@id\":\"https:\/\/leela.life\/#website\",\"url\":\"https:\/\/leela.life\/\",\"name\":\"\\u041b\\u0418\\u041b\\u0410. \\u0418\\u0413\\u0420\\u0410 \\u0416\\u0418\\u0417\\u041d\\u0418\",\"description\":\"\\u0410\\u0432\\u0442\\u043e\\u0440\\u0441\\u043a\\u0430\\u044f \\u0442\\u0440\\u0430\\u043d\\u0441\\u0444\\u043e\\u0440\\u043c\\u0430\\u0446\\u0438\\u043e\\u043d\\u043d\\u0430\\u044f \\u0438\\u0433\\u0440\\u0430 \\u0441\\u0430\\u043c\\u043e\\u043f\\u043e\\u0437\\u043d\\u0430\\u043d\\u0438\\u044f\",\"potentialAction\":[{\"@type\":\"SearchAction\",\"target\":\"https:\/\/leela.life\/?s={search_term_string}\",\"query-input\":\"required name=search_term_string\"}],\"inLanguage\":\"en-US\"},{\"@type\":\"ImageObject\",\"@id\":\"https:\/\/leela.life\/ua\/product\/german-1m\/#primaryimage\",\"inLanguage\":\"en-US\",\"url\":\"https:\/\/leela.life\/wp-content\/uploads\/2021\/10\/t1.jpg\",\"contentUrl\":\"https:\/\/leela.life\/wp-content\/uploads\/2021\/10\/t1.jpg\",\"width\":1202,\"height\":800},{\"@type\":\"WebPage\",\"@id\":\"https:\/\/leela.life\/ua\/product\/german-1m\/#webpage\",\"url\":\"https:\/\/leela.life\/ua\/product\/german-1m\/\",\"name\":\"[:ru]\\u041b\\u0438\\u043b\\u0430. \\u0418\\u0433\\u0440\\u0430 \\u0416\\u0438\\u0437\\u043d\\u0438 (1\\u00d71 \\u043c\\u0435\\u0442\\u0440 \\u043d\\u0430 \\u043d\\u0435\\u043c\\u0435\\u0446\\u043a\\u043e\\u043c \\u044f\\u0437\\u044b\\u043a\\u0435)[:ua]\\u041b\\u0438\\u043b\\u0430. \\u0418\\u0433\\u0440\\u0430 \\u0416\\u0438\\u0437\\u043d\\u0438 (1\\u00d71 \\u043c\\u0435\\u0442\\u0440 \\u043d\\u0430 \\u043d\\u0435\\u043c\\u0435\\u0446\\u043a\\u043e\\u043c \\u044f\\u0437\\u044b\\u043a\\u0435)[:en]Leela. The Game of Life (board game Leela 1\\u00d71m in Geman language)[:] - \\u041b\\u0418\\u041b\\u0410. \\u0418\\u0413\\u0420\\u0410 \\u0416\\u0418\\u0417\\u041d\\u0418\",\"isPartOf\":{\"@id\":\"https:\/\/leela.life\/#website\"},\"primaryImageOfPage\":{\"@id\":\"https:\/\/leela.life\/ua\/product\/german-1m\/#primaryimage\"},\"datePublished\":\"2025-10-01T06:57:43+00:00\",\"dateModified\":\"2025-10-06T13:18:10+00:00\",\"description\":\"\\u041a\\u0443\\u043f\\u0438\\u0442\\u044c \\u041b\\u0418\\u041b\\u0410. \\u0418\\u0413\\u0420\\u0410 \\u0416\\u0418\\u0417\\u041d\\u0418 \\u041a\\u043e\\u043c\\u043f\\u043b\\u0435\\u043a\\u0442 \\u0438\\u0433\\u0440\\u044b \\u0432 \\u043d\\u0430\\u043b\\u0438\\u0447\\u0438\\u0438 \\u043d\\u0430 4-\\u0445 \\u044f\\u0437\\u044b\\u043a\\u0430\\u0445.\",\"breadcrumb\":{\"@id\":\"https:\/\/leela.life\/ua\/product\/german-1m\/#breadcrumb\"},\"inLanguage\":\"en-US\",\"potentialAction\":[{\"@type\":\"ReadAction\",\"target\":[\"https:\/\/leela.life\/ua\/product\/german-1m\/\"]}]},{\"@type\":\"BreadcrumbList\",\"@id\":\"https:\/\/leela.life\/ua\/product\/german-1m\/#breadcrumb\",\"itemListElement\":[{\"@type\":\"ListItem\",\"position\":1,\"item\":{\"@type\":\"WebPage\",\"@id\":\"https:\/\/leela.life\/ua\/\",\"url\":\"https:\/\/leela.life\/ua\/\",\"name\":\"\\u0413\\u043b\\u0430\\u0432\\u043d\\u0430\\u044f \\u0441\\u0442\\u0440\\u0430\\u043d\\u0438\\u0446\\u0430\"}},{\"@type\":\"ListItem\",\"position\":2,\"item\":{\"@type\":\"WebPage\",\"@id\":\"https:\/\/leela.life\/shop\/\",\"url\":\"https:\/\/leela.life\/shop\/\",\"name\":\"\\u041c\\u0430\\u0433\\u0430\\u0437\\u0438\\u043d\"}},{\"@type\":\"ListItem\",\"position\":3,\"item\":{\"@type\":\"WebPage\",\"@id\":\"https:\/\/leela.life\/ua\/product\/german-1m\/\",\"url\":\"https:\/\/leela.life\/ua\/product\/german-1m\/\",\"name\":\"\\u041b\\u0438\\u043b\\u0430. \\u0418\\u0433\\u0440\\u0430 \\u0416\\u0438\\u0437\\u043d\\u0438 (1\\u00d71 \\u043c\\u0435\\u0442\\u0440 \\u043d\\u0430 \\u043d\\u0435\\u043c\\u0435\\u0446\\u043a\\u043e\\u043c \\u044f\\u0437\\u044b\\u043a\\u0435)\"}}]}]}<\/script>\n<!-- \/ Yoast SEO plugin. -->","_links":{"self":[{"href":"https:\/\/leela.life\/en\/wp-json\/wp\/v2\/product\/16915","targetHints":{"allow":["GET"]}}],"collection":[{"href":"https:\/\/leela.life\/en\/wp-json\/wp\/v2\/product"}],"about":[{"href":"https:\/\/leela.life\/en\/wp-json\/wp\/v2\/types\/product"}],"wp:featuredmedia":[{"embeddable":true,"href":"https:\/\/leela.life\/en\/wp-json\/wp\/v2\/media\/3830"}],"wp:attachment":[{"href":"https:\/\/leela.life\/en\/wp-json\/wp\/v2\/media?parent=16915"}],"wp:term":[{"taxonomy":"product_cat","embeddable":true,"href":"https:\/\/leela.life\/en\/wp-json\/wp\/v2\/product_cat?post=16915"},{"taxonomy":"product_tag","embeddable":true,"href":"https:\/\/leela.life\/en\/wp-json\/wp\/v2\/product_tag?post=16915"}],"curies":[{"name":"wp","href":"https:\/\/api.w.org\/{rel}","templated":true}]}}