{"id":1673,"date":"2025-01-12T11:20:07","date_gmt":"2025-01-12T08:20:07","guid":{"rendered":"https:\/\/leela.life\/?page_id=1673"},"modified":"2026-04-01T15:51:12","modified_gmt":"2026-04-01T12:51:12","slug":"school","status":"publish","type":"page","link":"https:\/\/leela.life\/en\/school\/","title":{"rendered":"THE TRAINING FOR HOSTS OF \u201cLEELA. THE GAME OF LIFE\u201d ONLINE"},"content":{"rendered":"[vc_row full_width=&#8221;stretch_row&#8221; css=&#8221;.vc_custom_1633609585533{background: #372d49 url(https:\/\/leela.life\/wp-content\/uploads\/2021\/09\/b2.jpg?id=1777) !important;background-position: 0 0 !important;background-repeat: no-repeat !important;}&#8221;][vc_column][vc_column_text]\r\n<p class=\"bold\"> January 17,18,19   (3 days, from 9:30 to 13:30 Kiev time)<\/p>\r\nThe ancient game of self-knowledge Leela has more than two thousand years of history and reveals the deep essence of the game that we call life. It helps you to look at yourself in a new way, see the resources and obstacles on the way to the desired goal, fulfill desires and change your own life through conscious work on yourself.\r\n\r\nLearning the game Leela in the online format involves homework between the modules and the obligatory independent study of methodological material.\r\n<iframe src=\"https:\/\/www.youtube.com\/embed\/X2Q9GXE6TKY\" width=\"100%\" height=\"400\" frameborder=\"0\" allowfullscreen=\"allowfullscreen\"><\/iframe>\r\n<p class=\"bold cent\">THE SCHOOL FOR HOSTS OF \u201cLEELA. THE GAME OF LIFE\u201d<\/p>\r\nToday, many people are in search of their destiny, trying to find a cause for their souls and, having discovered their own potential, help others.\r\n\r\nAll this can be learned and the acquired knowledge can be transmitted to the world. There are enough offers on the market &#8211; a variety of trainings, coaching, schools of spiritual and personal growth.\r\n\r\nSomeone is looking for their purpose and a way of self-realization, someone is looking for an opportunity to help people, and someone is looking for a source of income. All this is more than possible. But in order to interact with the game Leela, you need not just &#8220;learn to be the host.&#8221; It is important to be a master yourself.\r\n\r\nThe master is inside, not outside. They are always in search, in the process of self-knowledge, comprehension of the laws of the universe. They live Leela over and over again, developing, improving. With each game, with each participant, with each group, they deeper and deeper experiences the meaning of the game called Life.\r\n<p class=\"bold\">Who needs this training?<\/p>\r\n<img decoding=\"async\" class=\"fl-lef\" src=\"\/img\/z1.jpg\" \/>For those who want to buy the game Leela and play it on their own;\r\n\r\nwho wants to organize informal games with friends and family;\r\n\r\nwho aspires to become a certified host of the game Leela, to conduct group and individual games (including on a commercial basis).\r\n<p class=\"bold\">Can we provide training?<\/p>\r\nYes we can.\r\n\r\nLEELA. THE GAME OF LIFE is the author&#8217;s version of the ancient game, which is officially registered and patented as a board game. The same applies to the methodology of its implementation.\r\n\r\n<a href=\"\/about-game\/history\/\">Learn more about the history and origin of the game<\/a>\r\n\r\n<a href=\"\/about-game\/\">More about this version of the game<\/a>\r\n<p class=\"bold\">Who can become the host of the game Leela<\/p>\r\n1. The presence of desire and sufficient funds is not yet a basis for training.\r\n\r\nEducation in psychology and other related sciences, experience in coaching, coaching, therapy, counseling are definitely a plus. At the same time, in Leela knowledge and experience can not so much help as hinder like extra baggage, ballast that closes the channel to true knowledge, to the Higher Self.\r\n\r\n2. Everyone who wishes to undergo such training must first visit LEELA. THE GAME OF LIFE as a participant (online or offline) with a certified host of this version of the game. Leela needs to be lived and be tuned in to it.\r\n\r\n3. It is important to decide: &#8220;Why do I need this?&#8221;\r\n<ul>\r\n \t<li><span class=\"bold\">Save the world? Become a guru?<\/span> It&#8217;s not about Leela.<\/li>\r\n \t<li><span class=\"bold\">I know how. I will help you.<\/span> I want to give advice and valuable instructions to my surrounding, to impose my own ideas on others as the only correct ones is great, but not in Leela.<\/li>\r\n \t<li><span class=\"bold\">Source of income? Self-realization? <\/span> Perhaps. But only through true service to People.<\/li>\r\n<\/ul>\r\nLeela is an instrument of self-knowledge and connection with one&#8217;s higher aspects. In Leela the participant themself looks for unique ways of working with personal resources and limitations, and the game mechanics and the host only helps them in this.\r\n\r\nThe key factor in Leela is the host&#8217;s inner state, their sincerity, environmental friendliness and contact with the group, which come exclusively with experience.\r\n\r\n<img decoding=\"async\" class=\"fl-lef\" src=\"\/img\/z2.jpg\" \/>The course leader is \u2014 <a href=\"\/about-author\/\">Irina Zhuravel<\/a>, the author of the original version of the game, the founder of the LEELA. THE GAME OF LIFE, a psychotherapist, an energy therapist, a pediatrician, a transformational coach, the host of deep author&#8217;s intensives, meditative and energy practices and the organizer of the International Festival of Personality Development&#8221; TOUCH fest &#8220;.\r\n\r\n<a href=\"https:\/\/www.instagram.com\/izhuravel.com_\/\" target=\"_blank\" rel=\"noopener\">https:\/\/www.instagram.com\/izhuravel.com_\/<\/a>\r\n<p class=\"cent\"><img decoding=\"async\" src=\"\/img\/z3.jpg\" \/><\/p>\r\n<p class=\"bold\">The training course includes:<\/p>\r\n\r\n<ul>\r\n \t<li>concept and theoretical basis of the game;<\/li>\r\n \t<li>the methodology for its implementation;<\/li>\r\n \t<li>tasks of the host;<\/li>\r\n \t<li>group field, group inspiration;<\/li>\r\n \t<li>work with customer requests;<\/li>\r\n \t<li>work with inner states;<\/li>\r\n \t<li>completion of processes, results of the game;<\/li>\r\n \t<li>work after the game;<\/li>\r\n \t<li>practical work.<\/li>\r\n<\/ul>\r\nAfter successful completion of the training, participants can receive a host&#8217;s certificate LEELA. THE GAME OF LIFE and at the same time personal responsibility for the environmentally friendly conduct of games (respect for the Host&#8217;s Code).\r\n\r\nGraduates of the curriculum will be able to conduct Leela, recruit their own groups in the cities of Ukraine and abroad.\r\n\r\n! Please note: we do not provide training for owners of other versions of Leela.\r\n<p class=\"bold cent\">ONLINE LEARNING ALGORITHM<\/p>\r\nHaving declared your desire to learn and having talked with the host (having answered each other all questions), you start preparing for the educational process.\r\n<p class=\"bold\">Stage 1<\/p>\r\n\r\n<ul>\r\n \t<li>You pay for the set of the game LEELA. THE GAME OF LIFE (tabletop or large, floor format + delivery). ! Please note: we do not train owners of other versions of the game. This patented technique applies only to the set of the game LEELA. THE GAME OF LIFE.<\/li>\r\n \t<li>We send you the game (within Ukraine &#8211; by the NOVAYA POCHTA company, outside Ukraine &#8211; by Ukrposhta (the most loyal prices) or any courier company at your discretion). Delivery abroad is anywhere in the world (within 7-14 days, cost $ 33).<\/li>\r\n \t<li>After reading the instructions, you play Leela t\u00eate-\u00e0-t\u00eate (alone with yourself).<\/li>\r\n<\/ul>\r\n<p class=\"bold\">Stage 2<\/p>\r\n\r\n<ul>\r\n \t<li>You register and pay for participation in the game with a certified host of the school LEELA. THE GAME OF LIFE (online or offline). You choose the presenter, the date, the time of the game at your discretion (ask &#8211; we will help).<\/li>\r\n \t<li>The cost of participation in a group game with one of the leaders of the school is from $ 40, with Irina &#8211; $ 80.<\/li>\r\n \t<li>The cost of an individual game with one of the leading schools is from $ 80, with Irina &#8211; \u20ac 200.<\/li>\r\n<\/ul>\r\n<p class=\"bold\">Stage 3<\/p>\r\nYou register, pay the full tuition fee and immerse yourself in the process:\r\n<ul>\r\n \t<li>you receive teaching materials and study them on your own;<\/li>\r\n \t<li>you take 3 online sessions with the host;<\/li>\r\n \t<li>do your homework;<\/li>\r\n \t<li>ask all your questions;<\/li>\r\n \t<li>take a practical supervision game;<\/li>\r\n \t<li>get feedback;<\/li>\r\n \t<li>start independent practical work with the game.<\/li>\r\n<\/ul>\r\n<p class=\"bold cent\">Features of online learning<\/p>\r\nFor training, you must have:\r\n<ul>\r\n \t<li>sufficiently high speed of the Internet on your computer;<\/li>\r\n \t<li>working microphone and camera (built-in or external devices);<\/li>\r\n \t<li>Skype;<\/li>\r\n \t<li>playing field LEELA. THE GAME OF LIFE, a dice, cards describing inner states.<\/li>\r\n<\/ul>\r\n<p class=\"bold cent\">THE TERMS OF PARTICIPATION<\/p>\r\n<p class=\"bold\">Training involves homework between modules and mandatory independent study of methodological material.<\/p>\r\n<p class=\"bold cent\">TRAINING FORMAT<\/p>\r\nTraining takes place 3 days online.\r\n\r\nNearest group: p class=&#8221;bold&#8221;>January 17,18,19   (3 days, from 9:30 to 13:30 Kiev time)\r\n\r\n<span class=\"bold\">The cost of training is $ 500.<\/span>\r\n\r\n\u2757 The cost of the set is paid additionally: <span class=\"bold\">$85 (+ shipping).<\/span>\r\n\r\nDelivery of the game (within Ukraine or abroad) is not included in this cost and is paid by the participant additionally.\r\n\r\nRegistration for training is carried out on a prepayment basis (100%).\r\n\r\nThe number of participants is limited!\r\n\r\n\u2757 \u2757 <span class=\"bold\">Please pay attention: we do not conduct training for owners of other versions of the Leela game (for more details, see the sections about the game, its history and origin).<\/span>\r\n\r\nMore details about the game bundle: <a href=\"https:\/\/leela.life\/buy\/\">https:\/\/leela.life\/buy\/<\/a>\r\n<p class=\"cent\"><img decoding=\"async\" src=\"\/img\/z4.jpg\" \/><\/p>\r\n[\/vc_column_text]<div class=\"gem-team row inline-row gem-team-style-4\" >\n<div class=\"col-md-4 col-sm-6 col-xs-12 inline-column\"> <div id=\"post-4069\" class=\"team-person bordered-box post-4069 thegem_team_person type-thegem_team_person status-publish has-post-thumbnail\" style=\" \"> <div class=\"team-person-image\"><img decoding=\"async\" width=\"160\" height=\"160\" src=\"https:\/\/leela.life\/wp-content\/uploads\/2021\/08\/IMG_7740-1-thegem-person-160.jpg\" class=\"img-responsive wp-post-image\" alt=\"\" srcset=\"https:\/\/leela.life\/wp-content\/uploads\/2021\/08\/IMG_7740-1-thegem-person.jpg 2x\" sizes=\"100vw\" \/><\/div> <div class=\"team-person-info clearfix\"> <div class=\"team-person-name styled-subtitle\" style=\"color: #ffffff\">IRINA ZHURAVEL<\/div> <div class=\"gem-styled-color-1\"><div class=\"team-person-phone title-h5\"><a href=\"tel:+38%20095%20176%2082%2083\">+38 095 176 82 83<\/a><\/div><\/div> <div class=\"socials team-person-socials socials-colored-hover\"><a title=\"Facebook\" target=\"_blank\" href=\"https:\/\/www.facebook.com\/zhuravel.irina\" class=\"socials-item\"><i class=\"socials-item-icon social-item-rounded facebook\"><\/i><\/a><a title=\"Instagram\" target=\"_blank\" href=\"https:\/\/www.instagram.com\/izhuravel.com_\/\" class=\"socials-item\"><i class=\"socials-item-icon social-item-rounded instagram\"><\/i><\/a><a title=\"YouTube\" target=\"_blank\" href=\"https:\/\/www.youtube.com\/channel\/UC74meM2qG3J62oAvC-qPeQg\" class=\"socials-item\"><i class=\"socials-item-icon social-item-rounded youtube\"><\/i><\/a><\/div> <\/div> <\/div>\n<\/div>\n<\/div>[\/vc_column][\/vc_row]","protected":false},"excerpt":{"rendered":"[vc_row full_width=&#8221;stretch_row&#8221; css=&#8221;.vc_custom_1633609585533{background: #372d49 url(https:\/\/leela.life\/wp-content\/uploads\/2021\/09\/b2.jpg?id=1777) !important;background-position: 0 0 !important;background-repeat: no-repeat !important;}&#8221;][vc_column][vc_column_text] January 17,18,19 (3 days, from 9:30 to 13:30 Kiev&#8230;","protected":false},"author":1,"featured_media":0,"parent":0,"menu_order":0,"comment_status":"closed","ping_status":"closed","template":"page-landing.php","meta":{"footnotes":""},"class_list":["post-1673","page","type-page","status-publish"],"yoast_head":"<!-- This site is optimized with the Yoast SEO plugin v16.1.1 - https:\/\/yoast.com\/wordpress\/plugins\/seo\/ -->\n<title>THE TRAINING FOR HOSTS OF \u201cLEELA. THE GAME OF LIFE\u201d ONLINE - \u041b\u0418\u041b\u0410. \u0418\u0413\u0420\u0410 \u0416\u0418\u0417\u041d\u0418<\/title>\n<link rel=\"canonical\" href=\"https:\/\/leela.life\/ua\/school\/\" \/>\n<meta property=\"og:locale\" content=\"en_US\" \/>\n<meta property=\"og:type\" content=\"article\" \/>\n<meta property=\"og:title\" content=\"THE TRAINING FOR HOSTS OF \u201cLEELA. THE GAME OF LIFE\u201d ONLINE - \u041b\u0418\u041b\u0410. \u0418\u0413\u0420\u0410 \u0416\u0418\u0417\u041d\u0418\" \/>\n<meta property=\"og:description\" content=\"[vc_row full_width=&#8221;stretch_row&#8221; css=&#8221;.vc_custom_1633609585533{background: #372d49 url(https:\/\/leela.life\/wp-content\/uploads\/2021\/09\/b2.jpg?id=1777) !important;background-position: 0 0 !important;background-repeat: no-repeat !important;}&#8221;][vc_column][vc_column_text] January 17,18,19 (3 days, from 9:30 to 13:30 Kiev...\" \/>\n<meta property=\"og:url\" content=\"https:\/\/leela.life\/ua\/school\/\" \/>\n<meta property=\"og:site_name\" content=\"\u041b\u0418\u041b\u0410. \u0418\u0413\u0420\u0410 \u0416\u0418\u0417\u041d\u0418\" \/>\n<meta property=\"article:modified_time\" content=\"2026-04-01T12:51:12+00:00\" \/>\n<meta property=\"og:image\" content=\"https:\/\/leela.life\/wp-content\/uploads\/2024\/05\/irina-zhuravel.jpg\" \/>\n<meta name=\"twitter:card\" content=\"summary_large_image\" \/>\n<meta name=\"twitter:label1\" content=\"Est. reading time\">\n\t<meta name=\"twitter:data1\" content=\"8 minutes\">\n<script type=\"application\/ld+json\" class=\"yoast-schema-graph\">{\"@context\":\"https:\/\/schema.org\",\"@graph\":[{\"@type\":\"WebSite\",\"@id\":\"https:\/\/leela.life\/#website\",\"url\":\"https:\/\/leela.life\/\",\"name\":\"\\u041b\\u0418\\u041b\\u0410. \\u0418\\u0413\\u0420\\u0410 \\u0416\\u0418\\u0417\\u041d\\u0418\",\"description\":\"\\u0410\\u0432\\u0442\\u043e\\u0440\\u0441\\u043a\\u0430\\u044f \\u0442\\u0440\\u0430\\u043d\\u0441\\u0444\\u043e\\u0440\\u043c\\u0430\\u0446\\u0438\\u043e\\u043d\\u043d\\u0430\\u044f \\u0438\\u0433\\u0440\\u0430 \\u0441\\u0430\\u043c\\u043e\\u043f\\u043e\\u0437\\u043d\\u0430\\u043d\\u0438\\u044f\",\"potentialAction\":[{\"@type\":\"SearchAction\",\"target\":\"https:\/\/leela.life\/?s={search_term_string}\",\"query-input\":\"required name=search_term_string\"}],\"inLanguage\":\"en-US\"},{\"@type\":\"ImageObject\",\"@id\":\"https:\/\/leela.life\/ua\/school\/#primaryimage\",\"inLanguage\":\"en-US\",\"url\":\"\/img\/z1.jpg\",\"contentUrl\":\"\/img\/z1.jpg\"},{\"@type\":\"WebPage\",\"@id\":\"https:\/\/leela.life\/ua\/school\/#webpage\",\"url\":\"https:\/\/leela.life\/ua\/school\/\",\"name\":\"THE TRAINING FOR HOSTS OF \\u201cLEELA. THE GAME OF LIFE\\u201d ONLINE - \\u041b\\u0418\\u041b\\u0410. \\u0418\\u0413\\u0420\\u0410 \\u0416\\u0418\\u0417\\u041d\\u0418\",\"isPartOf\":{\"@id\":\"https:\/\/leela.life\/#website\"},\"primaryImageOfPage\":{\"@id\":\"https:\/\/leela.life\/ua\/school\/#primaryimage\"},\"datePublished\":\"2025-01-12T08:20:07+00:00\",\"dateModified\":\"2026-04-01T12:51:12+00:00\",\"breadcrumb\":{\"@id\":\"https:\/\/leela.life\/ua\/school\/#breadcrumb\"},\"inLanguage\":\"en-US\",\"potentialAction\":[{\"@type\":\"ReadAction\",\"target\":[\"https:\/\/leela.life\/ua\/school\/\"]}]},{\"@type\":\"BreadcrumbList\",\"@id\":\"https:\/\/leela.life\/ua\/school\/#breadcrumb\",\"itemListElement\":[{\"@type\":\"ListItem\",\"position\":1,\"item\":{\"@type\":\"WebPage\",\"@id\":\"https:\/\/leela.life\/ua\/\",\"url\":\"https:\/\/leela.life\/ua\/\",\"name\":\"\\u0413\\u043b\\u0430\\u0432\\u043d\\u0430\\u044f \\u0441\\u0442\\u0440\\u0430\\u043d\\u0438\\u0446\\u0430\"}},{\"@type\":\"ListItem\",\"position\":2,\"item\":{\"@type\":\"WebPage\",\"@id\":\"https:\/\/leela.life\/ua\/school\/\",\"url\":\"https:\/\/leela.life\/ua\/school\/\",\"name\":\"\\u041d\\u0410\\u0412\\u0427\\u0410\\u041d\\u041d\\u042f \\u0412\\u0415\\u0414\\u0423\\u0427\\u0418\\u0425 \\u00ab\\u041b\\u0406\\u041b\\u0410. \\u0413\\u0420\\u0410 \\u0416\\u0418\\u0422\\u0422\\u042f\\u00bb \\u0412 \\u041e\\u041d\\u041b\\u0410\\u0419\\u041d-\\u0424\\u041e\\u0420\\u041c\\u0410\\u0422\\u0406\"}}]}]}<\/script>\n<!-- \/ Yoast SEO plugin. -->","_links":{"self":[{"href":"https:\/\/leela.life\/en\/wp-json\/wp\/v2\/pages\/1673","targetHints":{"allow":["GET"]}}],"collection":[{"href":"https:\/\/leela.life\/en\/wp-json\/wp\/v2\/pages"}],"about":[{"href":"https:\/\/leela.life\/en\/wp-json\/wp\/v2\/types\/page"}],"author":[{"embeddable":true,"href":"https:\/\/leela.life\/en\/wp-json\/wp\/v2\/users\/1"}],"replies":[{"embeddable":true,"href":"https:\/\/leela.life\/en\/wp-json\/wp\/v2\/comments?post=1673"}],"version-history":[{"count":226,"href":"https:\/\/leela.life\/en\/wp-json\/wp\/v2\/pages\/1673\/revisions"}],"predecessor-version":[{"id":24436,"href":"https:\/\/leela.life\/en\/wp-json\/wp\/v2\/pages\/1673\/revisions\/24436"}],"wp:attachment":[{"href":"https:\/\/leela.life\/en\/wp-json\/wp\/v2\/media?parent=1673"}],"curies":[{"name":"wp","href":"https:\/\/api.w.org\/{rel}","templated":true}]}}